{"id":1000068,"date":"2026-02-09T22:46:57","date_gmt":"2026-02-09T22:46:57","guid":{"rendered":"https:\/\/therealgympro.com\/product\/bolsa-de-gimnasio-magnetica\/"},"modified":"2026-02-13T21:41:58","modified_gmt":"2026-02-13T21:41:58","slug":"bolsa-de-gimnasio-magnetica","status":"publish","type":"product","link":"https:\/\/therealgympro.com\/us\/product\/bolsa-de-gimnasio-magnetica\/","title":{"rendered":"Bolsa de gimnasio magn\u00e9tica"},"content":{"rendered":"<div class=\"product-specs-list-container\">\n<ul class=\"product-specs-list util-clearfix\">\n<li class=\"product-prop line-limit-length\"><span class=\"property-title\">Producto qu\u00edmico de alta preocupaci\u00f3n:\u00a0<\/span><span class=\"property-desc line-limit-length\">Ninguno<\/span><\/li>\n<li class=\"product-prop line-limit-length\"><span class=\"property-title\">Nombre del departamento:\u00a0<\/span><span class=\"property-desc line-limit-length\">Unisex<\/span><\/li>\n<li class=\"product-prop line-limit-length\"><span class=\"property-title\">Capacidad:\u00a0<\/span><span class=\"property-desc line-limit-length\">menos de 20 litros<\/span><\/li>\n<li class=\"product-prop line-limit-length\"><span class=\"property-title\">Material:\u00a0<\/span><span class=\"property-desc line-limit-length\">terileno<\/span><\/li>\n<li class=\"product-prop line-limit-length\"><span class=\"property-title\">Nombre de la marca:\u00a0<\/span><span class=\"property-desc line-limit-length\">Biboss<\/span><\/li>\n<li class=\"product-prop line-limit-length\"><span class=\"property-title\">Origen:\u00a0<\/span><span class=\"property-desc line-limit-length\">CN(Origen)<\/span><\/li>\n<li class=\"product-prop line-limit-length\"><span class=\"property-title\">CN:\u00a0<\/span><span class=\"property-desc line-limit-length\">Guangdong<\/span><\/li>\n<li class=\"product-prop line-limit-length\"><span class=\"property-title\">Tipo de deporte:\u00a0<\/span><span class=\"property-desc line-limit-length\">Aptitud f\u00edsica<\/span><\/li>\n<\/ul>\n<\/div>\n<div class=\"detailmodule_html\">\n<div class=\"detail-desc-decorate-richtext\">\n<p><strong id=\"tl_1\">Gran capacidad<\/strong><\/p>\n<p id=\"tl_2\">Con una capacidad de menos de 20 litros, esta bolsa de gimnasio ofrece un amplio espacio para todos sus elementos esenciales de fitness.<\/p>\n<p><strong id=\"tl_3\">Dise\u00f1o magn\u00e9tico<\/strong><\/p>\n<p id=\"tl_4\">La funci\u00f3n magn\u00e9tica permite un f\u00e1cil acceso a sus pertenencias, mejorando la comodidad durante los entrenamientos.<\/p>\n<p><strong id=\"tl_5\">Caracter\u00edstica del organizador<\/strong><\/p>\n<p id=\"tl_6\">Este organizador de accesorios de gimnasio mantiene sus art\u00edculos perfectamente organizados, reduciendo el desorden y mejorando la eficiencia.<\/p>\n<p><strong id=\"tl_7\">Bolsillo para tel\u00e9fono<\/strong><\/p>\n<p id=\"tl_8\">Equipado con un bolsillo para tel\u00e9fono dedicado, mantenga su dispositivo seguro y al alcance en todo momento.<\/p>\n<p><strong id=\"tl_9\">Bolsa port\u00e1til para botella de agua<\/strong><\/p>\n<p id=\"tl_10\">La bolsa para botella de agua incorporada garantiza que sus necesidades de hidrataci\u00f3n se satisfagan mientras viaja.<\/p>\n<p id=\"tl_11\">El bolso bandolera se puede utilizar para uso diario o para hacer ejercicio. Se puede adsorber en la plancha a voluntad durante el ejercicio. Tiene una gran capacidad y puede contener tel\u00e9fonos m\u00f3viles, botellas de agua, llaves, etc., lo cual es muy conveniente.<\/p>\n<p><img decoding=\"async\" src=\"https:\/\/ae01.alicdn.com\/kf\/S146da3a4683145acb786b4118593c34bP.jpeg\" \/><img decoding=\"async\" src=\"https:\/\/ae01.alicdn.com\/kf\/Sae4d176f66df48538018cd179bb9ba54n.jpeg\" \/><img decoding=\"async\" src=\"https:\/\/ae01.alicdn.com\/kf\/S799aa66c5ab84ccfb5d38327423fab15g.jpg\" \/><img decoding=\"async\" src=\"https:\/\/ae01.alicdn.com\/kf\/S49c639c1891e480ea9320fbfc429581aS.jpeg\" \/><img decoding=\"async\" src=\"https:\/\/ae01.alicdn.com\/kf\/S0b2620a62fd540f8ace2fd84ef8c498cR.jpeg\" \/><img decoding=\"async\" src=\"https:\/\/ae01.alicdn.com\/kf\/S2b933ba7932547d988d50f19fb2fbdecl.jpg\" \/><\/p>\n<\/div>\n<\/div>","protected":false},"excerpt":{"rendered":"<p>Producto qu\u00edmico de alta preocupaci\u00f3n:\u00a0Ninguno Nombre del departamento:\u00a0Unisex Capacidad:\u00a0menos de 20 litros Material:\u00a0terileno Nombre de la marca:\u00a0Biboss Origen:\u00a0CN(Origen) CN:\u00a0Guangdong Tipo de deporte:\u00a0Aptitud f\u00edsica Gran capacidad Con una capacidad de menos de 20 litros, esta bolsa de gimnasio ofrece un amplio espacio para todos sus elementos esenciales de fitness. Dise\u00f1o magn\u00e9tico La funci\u00f3n magn\u00e9tica permite un [&hellip;]<\/p>","protected":false},"featured_media":1000069,"comment_status":"open","ping_status":"closed","template":"","meta":[],"product_brand":[],"product_cat":[57],"product_tag":[],"class_list":{"0":"post-1000068","1":"product","2":"type-product","3":"status-publish","4":"has-post-thumbnail","6":"product_cat-mochilas-y-bolsas","8":"first","9":"instock","10":"sale","11":"shipping-taxable","12":"purchasable","13":"product-type-simple"},"_links":{"self":[{"href":"https:\/\/therealgympro.com\/us\/wp-json\/wp\/v2\/product\/1000068","targetHints":{"allow":["GET"]}}],"collection":[{"href":"https:\/\/therealgympro.com\/us\/wp-json\/wp\/v2\/product"}],"about":[{"href":"https:\/\/therealgympro.com\/us\/wp-json\/wp\/v2\/types\/product"}],"replies":[{"embeddable":true,"href":"https:\/\/therealgympro.com\/us\/wp-json\/wp\/v2\/comments?post=1000068"}],"wp:featuredmedia":[{"embeddable":true,"href":"https:\/\/therealgympro.com\/us\/wp-json\/wp\/v2\/media\/1000069"}],"wp:attachment":[{"href":"https:\/\/therealgympro.com\/us\/wp-json\/wp\/v2\/media?parent=1000068"}],"wp:term":[{"taxonomy":"product_brand","embeddable":true,"href":"https:\/\/therealgympro.com\/us\/wp-json\/wp\/v2\/product_brand?post=1000068"},{"taxonomy":"product_cat","embeddable":true,"href":"https:\/\/therealgympro.com\/us\/wp-json\/wp\/v2\/product_cat?post=1000068"},{"taxonomy":"product_tag","embeddable":true,"href":"https:\/\/therealgympro.com\/us\/wp-json\/wp\/v2\/product_tag?post=1000068"}],"curies":[{"name":"wp","href":"https:\/\/api.w.org\/{rel}","templated":true}]}}