{"id":1000097,"date":"2026-02-13T22:27:38","date_gmt":"2026-02-13T22:27:38","guid":{"rendered":"https:\/\/therealgympro.com\/product\/pantalones-deportivos-gymax\/"},"modified":"2026-02-13T22:38:12","modified_gmt":"2026-02-13T22:38:12","slug":"pantalones-deportivos-gymax","status":"publish","type":"product","link":"https:\/\/therealgympro.com\/us\/product\/pantalones-deportivos-gymax\/","title":{"rendered":"Pantalones deportivos &#8211; Gymax"},"content":{"rendered":"<div class=\"product-specs-list-container\">\n<ul class=\"product-specs-list util-clearfix\">\n<li class=\"product-prop line-limit-length\"><span class=\"property-title\">Producto qu\u00edmico de alta preocupaci\u00f3n:\u00a0<\/span><span class=\"property-desc line-limit-length\">Ninguno<\/span><\/li>\n<li class=\"product-prop line-limit-length\"><span class=\"property-title\">Nombre ACG:\u00a0<\/span><span class=\"property-desc line-limit-length\">DRAGON BALL<\/span><\/li>\n<li class=\"product-prop line-limit-length\"><span class=\"property-title\">Control remoto:\u00a0<\/span><span class=\"property-desc line-limit-length\">No<\/span><\/li>\n<li class=\"product-prop line-limit-length\"><span class=\"property-title\">Condici\u00f3n:\u00a0<\/span><span class=\"property-desc line-limit-length\">Art\u00edculos en Stock<\/span><\/li>\n<li class=\"product-prop line-limit-length\"><span class=\"property-title\">Atributo de Mercanc\u00eda:\u00a0<\/span><span class=\"property-desc line-limit-length\">Perif\u00e9ricos<\/span><\/li>\n<li class=\"product-prop line-limit-length\"><span class=\"property-title\">Grado de finalizaci\u00f3n:\u00a0<\/span><span class=\"property-desc line-limit-length\">Productos terminados<\/span><\/li>\n<li class=\"product-prop line-limit-length\"><span class=\"property-title\">G\u00e9nero:\u00a0<\/span><span class=\"property-desc line-limit-length\">Unisex<\/span><\/li>\n<li class=\"product-prop line-limit-length\"><span class=\"property-title\">Tema:\u00a0<\/span><span class=\"property-desc line-limit-length\">anim\u00e9<\/span><\/li>\n<li class=\"product-prop line-limit-length\"><span class=\"property-title\">Material:\u00a0<\/span><span class=\"property-desc line-limit-length\">pl\u00e1stico<\/span><\/li>\n<li class=\"product-prop line-limit-length\"><span class=\"property-title\">Por Fuente de Animaci\u00f3n:\u00a0<\/span><span class=\"property-desc line-limit-length\">Jap\u00f3n<\/span><\/li>\n<li class=\"product-prop line-limit-length\"><span class=\"property-title\">Tipo de art\u00edculo:\u00a0<\/span><span class=\"property-desc line-limit-length\">Disfraz de cosplay<\/span><\/li>\n<li class=\"product-prop line-limit-length\"><span class=\"property-title\">N\u00famero de serie del fabricante:\u00a0<\/span><span class=\"property-desc line-limit-length\">Ropa\/Zapatos\/Gorra<\/span><\/li>\n<li class=\"product-prop line-limit-length\"><span class=\"property-title\">Nombre de la marca:\u00a0<\/span><span class=\"property-desc line-limit-length\">Bandai<\/span><\/li>\n<li class=\"product-prop line-limit-length\"><span class=\"property-title\">Origen:\u00a0<\/span><span class=\"property-desc line-limit-length\">CN(Origen)<\/span><\/li>\n<li class=\"product-prop line-limit-length\"><span class=\"property-title\">Edad Recomendada:\u00a0<\/span><span class=\"property-desc line-limit-length\">18+<\/span><\/li>\n<\/ul>\n<\/div>\n<div class=\"detailmodule_html\">\n<div class=\"detail-desc-decorate-richtext\">\n<div class=\"detailmodule_html\">\n<div class=\"detail-desc-decorate-richtext\">\n<div id=\"tl_1\">p{margen-bloque-inicio: 0; margen-bloque-fin: 0}<\/div>\n<p id=\"tl_2\" class=\"word-break white-space mt-10\" style=\"font-size: 16px; font-weight: bold; text-align: left; color: #434649;\" align=\"left\">Descripci\u00f3n<\/p>\n<p id=\"tl_3\" class=\"word-break white-space mt-10\" style=\"font-size: 12px; text-align: left; color: #434649;\" align=\"left\">Pantalones Cortos Deportivos 2 en 1 para Hombre: Ideales para Correr y Entrenar en el Gimnasio. Dise\u00f1o Atl\u00e9tico de Alto Rendimiento con Bolsillo para Tel\u00e9fono y Presilla para Toalla. Perfectos para Combinar con Tu Ropa Deportiva.<\/p>\n<p>\u3010Materiales\u3011 100% poli\u00e9ster, material extremadamente suave, liviano, c\u00f3modo y transpirable que absorbe el sudor y se seca r\u00e1pidamente.Realmente pueden mantenerte fresco mientras haces el ejercicio.El estiramiento permite una flexibilidad excepcional.Material duradero y costuras reforzadas que soportan tus entrenamientos de mayor intensidad.F\u00e1cil de limpiar, mantiene su forma incluso despu\u00e9s de m\u00faltiples lavados.<\/p>\n<p>\u3010Dise\u00f1o 2 en 1\u3011 Los pantalones cortos incorporados con ajuste ce\u00f1ido ofrecen soporte al m\u00fasculo del muslo para evitar la fricci\u00f3n.Un forro de compresi\u00f3n incorporado m\u00e1s largo puede reducir significativamente el roce en comparaci\u00f3n con los shorts deportivos tradicionales y ofrece soporte a los m\u00fasculos de los muslos para mejorar el rendimiento.Costuras del forro dise\u00f1adas para la m\u00e1xima comodidad.<\/p>\n<p>\u3010M\u00faltiples Bolsillos y Presilla para Toalla\u3011 Excelente cintura el\u00e1stica con presilla para toalla en la parte trasera. Cintura el\u00e1stica con cord\u00f3n interno ajustable para personalizar el ajuste a tu gusto.Los pantalones cortos de entrenamiento para hombre tienen dos bolsillos laterales profundos y un bolsillo trasero con cremallera para mantener seguros objetos valiosos como llaves y tarjetas.<\/p>\n<p>\u3010Ocasiones\u3011 Perfecto para: gimnasio, running, entrenamiento, fitness, training, jogging, baloncesto, pesca, yoga, boxeo y actividades al aire libre, etc.<\/p>\n<p>\u3010Consejos de lavado\u3011Se puede lavar a mano o a m\u00e1quina.El color no se desvanecer\u00e1 despu\u00e9s de limpiezas repetidas.No usar lej\u00eda.<\/p>\n<div><img decoding=\"async\" style=\"width: 100%; height: auto;\" src=\"https:\/\/ae01.alicdn.com\/kf\/Sa7121703f2114811aa760b8eeb9ed7f39.jpg\" width=\"100%\" height=\"auto\" \/><\/div>\n<p id=\"tl_4\" class=\"word-break white-space mt-10\" style=\"font-size: 13px; text-align: left; color: #434649;\" align=\"left\">Informaci\u00f3n gr\u00e1fica<br \/>\nCada transacci\u00f3n donar\u00e1 0,1 yuanes para ni\u00f1os de zonas pobres y se han realizado 135 donaciones.<\/p>\n<p id=\"tl_5\" class=\"word-break white-space mt-10\" style=\"font-size: 13px; text-align: left; color: #434649;\" align=\"left\">Detalles del producto<\/p>\n<div><img decoding=\"async\" style=\"width: 100%; height: auto;\" src=\"https:\/\/ae01.alicdn.com\/kf\/Sb6ed6728c5284768abbe32db90390ea9X.jpg\" width=\"100%\" height=\"auto\" \/><\/div>\n<p id=\"tl_6\" class=\"word-break white-space mt-10\" style=\"font-size: 13px; text-align: left; color: #434649;\" align=\"left\">Presentaci\u00f3n detallada<\/p>\n<div>\n<p><img decoding=\"async\" style=\"width: 100%; height: auto;\" src=\"https:\/\/ae01.alicdn.com\/kf\/S487890da0d0d4853bbf575c3bbbc228b5.jpg\" width=\"100%\" height=\"auto\" \/><\/p>\n<\/div>\n<p id=\"tl_7\" class=\"word-break white-space mt-10\" style=\"font-size: 13px; text-align: left; color: #434649;\" align=\"left\">Presentaci\u00f3n del modelo<\/p>\n<div><img decoding=\"async\" style=\"width: 100%; height: auto;\" src=\"https:\/\/ae01.alicdn.com\/kf\/Sd4721deb32a34c78835bbf4b8e99388cq.jpg\" width=\"100%\" height=\"auto\" \/><br \/>\n<img decoding=\"async\" style=\"width: 100%; height: auto;\" src=\"https:\/\/ae01.alicdn.com\/kf\/S0ec0b979c56441d780c153e2ecd24262t.jpg\" width=\"100%\" height=\"auto\" \/><br \/>\n<img decoding=\"async\" style=\"width: 100%; height: auto;\" src=\"https:\/\/ae01.alicdn.com\/kf\/S21f05307320e4d80a1a13c0194bdb470w.jpg\" width=\"100%\" height=\"auto\" \/><br \/>\n<img decoding=\"async\" style=\"width: 100%; height: auto;\" src=\"https:\/\/ae01.alicdn.com\/kf\/S3e1495a9059642e9b1d59012ceaa4befd.jpg\" width=\"100%\" height=\"auto\" \/><\/div>\n<\/div>\n<\/div>\n<\/div>\n<\/div>","protected":false},"excerpt":{"rendered":"<p>Producto qu\u00edmico de alta preocupaci\u00f3n:\u00a0Ninguno Nombre ACG:\u00a0DRAGON BALL Control remoto:\u00a0No Condici\u00f3n:\u00a0Art\u00edculos en Stock Atributo de Mercanc\u00eda:\u00a0Perif\u00e9ricos Grado de finalizaci\u00f3n:\u00a0Productos terminados G\u00e9nero:\u00a0Unisex Tema:\u00a0anim\u00e9 Material:\u00a0pl\u00e1stico Por Fuente de Animaci\u00f3n:\u00a0Jap\u00f3n Tipo de art\u00edculo:\u00a0Disfraz de cosplay N\u00famero de serie del fabricante:\u00a0Ropa\/Zapatos\/Gorra Nombre de la marca:\u00a0Bandai Origen:\u00a0CN(Origen) Edad Recomendada:\u00a018+ p{margen-bloque-inicio: 0; margen-bloque-fin: 0} Descripci\u00f3n Pantalones Cortos Deportivos 2 en 1 [&hellip;]<\/p>","protected":false},"featured_media":1000098,"comment_status":"open","ping_status":"closed","template":"","meta":[],"product_brand":[],"product_cat":[69],"product_tag":[],"class_list":{"0":"post-1000097","1":"product","2":"type-product","3":"status-publish","4":"has-post-thumbnail","6":"product_cat-pantalones-y-complementos","8":"first","9":"instock","10":"shipping-taxable","11":"purchasable","12":"product-type-variable"},"_links":{"self":[{"href":"https:\/\/therealgympro.com\/us\/wp-json\/wp\/v2\/product\/1000097","targetHints":{"allow":["GET"]}}],"collection":[{"href":"https:\/\/therealgympro.com\/us\/wp-json\/wp\/v2\/product"}],"about":[{"href":"https:\/\/therealgympro.com\/us\/wp-json\/wp\/v2\/types\/product"}],"replies":[{"embeddable":true,"href":"https:\/\/therealgympro.com\/us\/wp-json\/wp\/v2\/comments?post=1000097"}],"wp:featuredmedia":[{"embeddable":true,"href":"https:\/\/therealgympro.com\/us\/wp-json\/wp\/v2\/media\/1000098"}],"wp:attachment":[{"href":"https:\/\/therealgympro.com\/us\/wp-json\/wp\/v2\/media?parent=1000097"}],"wp:term":[{"taxonomy":"product_brand","embeddable":true,"href":"https:\/\/therealgympro.com\/us\/wp-json\/wp\/v2\/product_brand?post=1000097"},{"taxonomy":"product_cat","embeddable":true,"href":"https:\/\/therealgympro.com\/us\/wp-json\/wp\/v2\/product_cat?post=1000097"},{"taxonomy":"product_tag","embeddable":true,"href":"https:\/\/therealgympro.com\/us\/wp-json\/wp\/v2\/product_tag?post=1000097"}],"curies":[{"name":"wp","href":"https:\/\/api.w.org\/{rel}","templated":true}]}}