{"id":1000262,"date":"2026-02-15T17:17:57","date_gmt":"2026-02-15T17:17:57","guid":{"rendered":"https:\/\/therealgympro.com\/product\/vbosi-ganchos-de-levantamiento-de-pesas-de-alta-resistencia-empunaduras-de-correa-para-muneca-acero-acolchado-de-neopreno-para-levantamiento-de-pesas-dominadas-entrenamiento-de-gimnasia\/"},"modified":"2026-02-15T17:20:26","modified_gmt":"2026-02-15T17:20:26","slug":"guantes-de-soporte-vbosi","status":"publish","type":"product","link":"https:\/\/therealgympro.com\/us\/product\/guantes-de-soporte-vbosi\/","title":{"rendered":"Guantes de soporte &#8211; VBOSi"},"content":{"rendered":"<div class=\"product-specs-list-container\">\n<ul class=\"product-specs-list util-clearfix\">\n<li class=\"product-prop line-limit-length\"><span class=\"property-title\">Producto qu\u00edmico de alta preocupaci\u00f3n:\u00a0<\/span><span class=\"property-desc line-limit-length\">Ninguno<\/span><\/li>\n<li class=\"product-prop line-limit-length\"><span class=\"property-title\">Tipo:\u00a0<\/span><span class=\"property-desc line-limit-length\">Guante para Levantamiento de Pesas<\/span><\/li>\n<li class=\"product-prop line-limit-length\"><span class=\"property-title\">Origen:\u00a0<\/span><span class=\"property-desc line-limit-length\">CN(Origen)<\/span><\/li>\n<li class=\"product-prop line-limit-length\"><span class=\"property-title\">Color:\u00a0<\/span><span class=\"property-desc line-limit-length\">Negro\/Amarillo\/Rojo<\/span><\/li>\n<li class=\"product-prop line-limit-length\"><span class=\"property-title\">Tama\u00f1o:\u00a0<\/span><span class=\"property-desc line-limit-length\">Talla \u00fanica<\/span><\/li>\n<li class=\"product-prop line-limit-length\"><span class=\"property-title\">Condiciones de Almacenamiento:\u00a0<\/span><span class=\"property-desc line-limit-length\">Almacene en un lugar fresco y seco, alejado de la luz solar directa y la humedad.<\/span><\/li>\n<\/ul>\n<\/div>\n<div class=\"detailmodule_html\">\n<div class=\"detail-desc-decorate-richtext\">\n<p><strong id=\"tl_1\">CARACTER\u00cdSTICAS<\/strong><\/p>\n<p id=\"tl_2\"><strong>Ganchos de acero de alta resistencia:<\/strong>Construido con acero s\u00f3lido para m\u00e1xima resistencia y durabilidad durante levantamientos pesados.<\/p>\n<p id=\"tl_3\"><strong>Soporte de agarre seguro:<\/strong>Ayuda a reducir la fatiga del agarre y evita resbalones para que puedas concentrarte en la forma y la fuerza.<\/p>\n<p id=\"tl_4\"><strong>Acolchado grueso de mu\u00f1eca de neopreno:<\/strong>Proporciona comodidad superior y protecci\u00f3n de la mu\u00f1eca durante entrenamientos intensos.<\/p>\n<p id=\"tl_5\"><strong>Correas de gancho ajustables:<\/strong>Garantice un ajuste c\u00f3modo y personalizado tanto para hombres como para mujeres.<\/p>\n<p id=\"tl_6\"><strong>Estabilizaci\u00f3n de la mu\u00f1eca:<\/strong>Reduce la tensi\u00f3n en las mu\u00f1ecas y antebrazos, ideal para movimientos de tracci\u00f3n intensos.<\/p>\n<p id=\"tl_7\"><strong>Aumento del rendimiento:<\/strong>Le permite levantar pesas m\u00e1s pesadas con mejor control y resistencia.<\/p>\n<p id=\"tl_8\"><strong>Ideal para m\u00faltiples ejercicios:<\/strong>Perfecto para levantamientos muertos, dominadas, se\u00f1uelos laterales, encogimientos de hombros y filas.<\/p>\n<p><img decoding=\"async\" src=\"https:\/\/ae01.alicdn.com\/kf\/S718fd63d5be940eda96e38923d9b1d30n.jpg\" \/><img decoding=\"async\" src=\"https:\/\/ae01.alicdn.com\/kf\/S2504ffe9efa84490987471c5bbe1a05cy.jpg\" \/><img decoding=\"async\" src=\"https:\/\/ae01.alicdn.com\/kf\/S67ab64b51a9b45d28bb2d8ed791cee2dt.jpg\" \/><img decoding=\"async\" src=\"https:\/\/ae01.alicdn.com\/kf\/Sa4294a81755b44878e4187f1bbd4fb86D.jpg\" \/><img decoding=\"async\" src=\"https:\/\/ae01.alicdn.com\/kf\/Sabfe6aad31bf424fb98a2a035c6f8397s.jpg\" \/><img decoding=\"async\" src=\"https:\/\/ae01.alicdn.com\/kf\/S1c4e7a267051497aab818728b8e17f59H.jpg\" \/><img decoding=\"async\" src=\"https:\/\/ae01.alicdn.com\/kf\/Sc7a2ea2631d747de9cb3da2fcbffb5ddV.jpg\" \/><img decoding=\"async\" src=\"https:\/\/ae01.alicdn.com\/kf\/S1fe530c02fcc442a9f152d47527ffbf44.jpg\" \/><img decoding=\"async\" src=\"https:\/\/ae01.alicdn.com\/kf\/S931b14bdf22a4ce68395aaf92b7a5621H.jpg\" \/><img decoding=\"async\" src=\"https:\/\/ae01.alicdn.com\/kf\/Sdfbc7bd3aa9441548afb9bc23f072bc99.jpg\" \/><img decoding=\"async\" src=\"https:\/\/ae01.alicdn.com\/kf\/Sc8f9ffef73be4976853349b64528b0b45.jpg\" \/><\/p>\n<\/div>\n<\/div>","protected":false},"excerpt":{"rendered":"<p>Producto qu\u00edmico de alta preocupaci\u00f3n:\u00a0Ninguno Tipo:\u00a0Guante para Levantamiento de Pesas Origen:\u00a0CN(Origen) Color:\u00a0Negro\/Amarillo\/Rojo Tama\u00f1o:\u00a0Talla \u00fanica Condiciones de Almacenamiento:\u00a0Almacene en un lugar fresco y seco, alejado de la luz solar directa y la humedad. CARACTER\u00cdSTICAS Ganchos de acero de alta resistencia:Construido con acero s\u00f3lido para m\u00e1xima resistencia y durabilidad durante levantamientos pesados. Soporte de agarre seguro:Ayuda a [&hellip;]<\/p>","protected":false},"featured_media":1000263,"comment_status":"open","ping_status":"closed","template":"","meta":[],"product_brand":[],"product_cat":[68],"product_tag":[],"class_list":{"0":"post-1000262","1":"product","2":"type-product","3":"status-publish","4":"has-post-thumbnail","6":"product_cat-guantes-y-accesorios","8":"first","9":"instock","10":"shipping-taxable","11":"purchasable","12":"product-type-variable","13":"has-default-attributes"},"_links":{"self":[{"href":"https:\/\/therealgympro.com\/us\/wp-json\/wp\/v2\/product\/1000262","targetHints":{"allow":["GET"]}}],"collection":[{"href":"https:\/\/therealgympro.com\/us\/wp-json\/wp\/v2\/product"}],"about":[{"href":"https:\/\/therealgympro.com\/us\/wp-json\/wp\/v2\/types\/product"}],"replies":[{"embeddable":true,"href":"https:\/\/therealgympro.com\/us\/wp-json\/wp\/v2\/comments?post=1000262"}],"wp:featuredmedia":[{"embeddable":true,"href":"https:\/\/therealgympro.com\/us\/wp-json\/wp\/v2\/media\/1000263"}],"wp:attachment":[{"href":"https:\/\/therealgympro.com\/us\/wp-json\/wp\/v2\/media?parent=1000262"}],"wp:term":[{"taxonomy":"product_brand","embeddable":true,"href":"https:\/\/therealgympro.com\/us\/wp-json\/wp\/v2\/product_brand?post=1000262"},{"taxonomy":"product_cat","embeddable":true,"href":"https:\/\/therealgympro.com\/us\/wp-json\/wp\/v2\/product_cat?post=1000262"},{"taxonomy":"product_tag","embeddable":true,"href":"https:\/\/therealgympro.com\/us\/wp-json\/wp\/v2\/product_tag?post=1000262"}],"curies":[{"name":"wp","href":"https:\/\/api.w.org\/{rel}","templated":true}]}}