{"id":1000273,"date":"2026-02-15T17:28:11","date_gmt":"2026-02-15T17:28:11","guid":{"rendered":"https:\/\/therealgympro.com\/product\/guantes-deportivos-transpirables-vbosi\/"},"modified":"2026-02-15T17:28:14","modified_gmt":"2026-02-15T17:28:14","slug":"guantes-deportivos-transpirables-vbosi","status":"publish","type":"product","link":"https:\/\/therealgympro.com\/us\/product\/guantes-deportivos-transpirables-vbosi\/","title":{"rendered":"Guantes deportivos transpirables &#8211; VBOSi"},"content":{"rendered":"<div class=\"product-specs-list-container\">\n<ul class=\"product-specs-list util-clearfix\">\n<li class=\"product-prop line-limit-length\"><span class=\"property-title\">Producto qu\u00edmico de alta preocupaci\u00f3n:\u00a0<\/span><span class=\"property-desc line-limit-length\">Ninguno<\/span><\/li>\n<li class=\"product-prop line-limit-length\"><span class=\"property-title\">Tipo:\u00a0<\/span><span class=\"property-desc line-limit-length\">Guante para Levantamiento de Pesas<\/span><\/li>\n<li class=\"product-prop line-limit-length\"><span class=\"property-title\">Origen:\u00a0<\/span><span class=\"property-desc line-limit-length\">CN(Origen)<\/span><\/li>\n<li class=\"product-prop line-limit-length\"><span class=\"property-title\">Color:\u00a0<\/span><span class=\"property-desc line-limit-length\">Negro<\/span><\/li>\n<li class=\"product-prop line-limit-length\"><span class=\"property-title\">Tama\u00f1o:\u00a0<\/span><span class=\"property-desc line-limit-length\">M\/L\/XL<\/span><\/li>\n<li class=\"product-prop line-limit-length\"><span class=\"property-title\">Instrucciones de cuidado:\u00a0<\/span><span class=\"property-desc line-limit-length\">Lavado a mano con detergente suave y secado al aire en un lugar fresco y ventilado.<\/span><\/li>\n<li class=\"product-prop line-limit-length\"><span class=\"property-title\">Condiciones de almacenamiento:\u00a0<\/span><span class=\"property-desc line-limit-length\">Almacene en un lugar fresco y seco, alejado de la luz solar directa y la humedad.<\/span><\/li>\n<\/ul>\n<\/div>\n<div class=\"detailmodule_html\">\n<div class=\"detail-desc-decorate-richtext\">\n<p id=\"tl_1\" style=\"font-size: 14px; line-height: 1.7; color: #333333; margin: 0px; padding: 0px; box-sizing: border-box;\">CARACTER\u00cdSTICAS:<\/p>\n<p style=\"font-size: 14px; line-height: 1.7; color: #333333; margin: 0px; padding: 0px; box-sizing: border-box;\">\u00a0<\/p>\n<p id=\"tl_2\" style=\"font-size: 14px; line-height: 1.7; color: #333333; margin: 0px; padding: 0px; box-sizing: border-box;\">\u3010Agarre antideslizante\u3011: experimente un manejo seguro con la funci\u00f3n antideslizante, lo que garantiza un mejor control durante el fitness y las actividades al aire libre.<\/p>\n<p id=\"tl_3\" style=\"font-size: 14px; line-height: 1.7; color: #333333; margin: 0px; padding: 0px; box-sizing: border-box;\">\u3010Material transpirable\u3011: Mant\u00e9ngase fresco y c\u00f3modo durante los entrenamientos con el tejido transpirable, dise\u00f1ado para facilitar el flujo de aire y reducir el sudor.<\/p>\n<p id=\"tl_4\" style=\"font-size: 14px; line-height: 1.7; color: #333333; margin: 0px; padding: 0px; box-sizing: border-box;\">\u3010Correas ajustables\u3011: personaliza tu ajuste f\u00e1cilmente con correas ajustables, asegurando que los guantes permanezcan seguros en su lugar durante ejercicios vigorosos.<\/p>\n<p id=\"tl_5\" style=\"font-size: 14px; line-height: 1.7; color: #333333; margin: 0px; padding: 0px; box-sizing: border-box;\">\u3010Dise\u00f1o de medio dedo\u3011: Benef\u00edciese del estilo de medio dedo que permite una mayor destreza y agarre al manipular pesas o andar en bicicleta.<\/p>\n<p id=\"tl_6\" style=\"font-size: 14px; line-height: 1.7; color: #333333; margin: 0px; padding: 0px; box-sizing: border-box;\">\u3010Uso multiprop\u00f3sito\u3011: utilice estos guantes en diversas actividades, como ciclismo, levantamiento de pesas y juegos de playa para mejorar el rendimiento.<\/p>\n<p>\u00a0<\/p>\n<p style=\"font-size: 14px; line-height: 1.7; color: #333333; margin: 0px; padding: 0px; box-sizing: border-box;\"><img decoding=\"async\" src=\"https:\/\/ae01.alicdn.com\/kf\/S6a6d982ffdeb4a19b41075748ad5e9b68.jpg\" \/><img decoding=\"async\" src=\"https:\/\/ae01.alicdn.com\/kf\/Scef943aa8fef43efac51f648cfa71c459.jpg\" \/><img decoding=\"async\" src=\"https:\/\/ae01.alicdn.com\/kf\/S0839e4b1e01b481888190e0f64df897fd.jpg\" \/><img decoding=\"async\" src=\"https:\/\/ae01.alicdn.com\/kf\/S8395299a69054f13baba0e5a210757aaC.jpg\" \/><img decoding=\"async\" src=\"https:\/\/ae01.alicdn.com\/kf\/S9b1c4033bb78436d96d3bbb11fcc3d91S.jpg\" \/><\/p>\n<p style=\"font-size: 14px; line-height: 1.7; color: #333333; margin: 0px; padding: 0px; box-sizing: border-box;\">\u00a0<\/p>\n<\/div>\n<\/div>","protected":false},"excerpt":{"rendered":"<p>Producto qu\u00edmico de alta preocupaci\u00f3n:\u00a0Ninguno Tipo:\u00a0Guante para Levantamiento de Pesas Origen:\u00a0CN(Origen) Color:\u00a0Negro Tama\u00f1o:\u00a0M\/L\/XL Instrucciones de cuidado:\u00a0Lavado a mano con detergente suave y secado al aire en un lugar fresco y ventilado. Condiciones de almacenamiento:\u00a0Almacene en un lugar fresco y seco, alejado de la luz solar directa y la humedad. CARACTER\u00cdSTICAS: \u00a0 \u3010Agarre antideslizante\u3011: experimente un [&hellip;]<\/p>","protected":false},"featured_media":1000274,"comment_status":"open","ping_status":"closed","template":"","meta":[],"product_brand":[],"product_cat":[68],"product_tag":[],"class_list":{"0":"post-1000273","1":"product","2":"type-product","3":"status-publish","4":"has-post-thumbnail","6":"product_cat-guantes-y-accesorios","8":"first","9":"instock","10":"shipping-taxable","11":"purchasable","12":"product-type-variable"},"_links":{"self":[{"href":"https:\/\/therealgympro.com\/us\/wp-json\/wp\/v2\/product\/1000273","targetHints":{"allow":["GET"]}}],"collection":[{"href":"https:\/\/therealgympro.com\/us\/wp-json\/wp\/v2\/product"}],"about":[{"href":"https:\/\/therealgympro.com\/us\/wp-json\/wp\/v2\/types\/product"}],"replies":[{"embeddable":true,"href":"https:\/\/therealgympro.com\/us\/wp-json\/wp\/v2\/comments?post=1000273"}],"wp:featuredmedia":[{"embeddable":true,"href":"https:\/\/therealgympro.com\/us\/wp-json\/wp\/v2\/media\/1000274"}],"wp:attachment":[{"href":"https:\/\/therealgympro.com\/us\/wp-json\/wp\/v2\/media?parent=1000273"}],"wp:term":[{"taxonomy":"product_brand","embeddable":true,"href":"https:\/\/therealgympro.com\/us\/wp-json\/wp\/v2\/product_brand?post=1000273"},{"taxonomy":"product_cat","embeddable":true,"href":"https:\/\/therealgympro.com\/us\/wp-json\/wp\/v2\/product_cat?post=1000273"},{"taxonomy":"product_tag","embeddable":true,"href":"https:\/\/therealgympro.com\/us\/wp-json\/wp\/v2\/product_tag?post=1000273"}],"curies":[{"name":"wp","href":"https:\/\/api.w.org\/{rel}","templated":true}]}}