{"id":1000300,"date":"2026-02-15T17:46:01","date_gmt":"2026-02-15T17:46:01","guid":{"rendered":"https:\/\/therealgympro.com\/product\/botella-agitadora-gianxi\/"},"modified":"2026-02-15T17:46:03","modified_gmt":"2026-02-15T17:46:03","slug":"botella-agitadora-gianxi","status":"publish","type":"product","link":"https:\/\/therealgympro.com\/us\/product\/botella-agitadora-gianxi\/","title":{"rendered":"Botella agitadora &#8211; Gianxi"},"content":{"rendered":"<div class=\"product-specs-list-container\">\n<ul class=\"product-specs-list util-clearfix\">\n<li class=\"product-prop line-limit-length\"><span class=\"property-title\">Reutilizaci\u00f3n:\u00a0<\/span><span class=\"property-desc line-limit-length\">Reutilizable<\/span><\/li>\n<li class=\"product-prop line-limit-length\"><span class=\"property-title\">Producto qu\u00edmico de alta preocupaci\u00f3n:\u00a0<\/span><span class=\"property-desc line-limit-length\">Ninguno<\/span><\/li>\n<li class=\"product-prop line-limit-length\"><span class=\"property-title\">Instrucciones de cuidado:\u00a0<\/span><span class=\"property-desc line-limit-length\">Lavar a mano \u00fanicamente<\/span><\/li>\n<li class=\"product-prop line-limit-length\"><span class=\"property-title\">Personas Aplicables:\u00a0<\/span><span class=\"property-desc line-limit-length\">adulto<\/span><\/li>\n<li class=\"product-prop line-limit-length\"><span class=\"property-title\">Tipos de materiales no incluidos:\u00a0<\/span><span class=\"property-desc line-limit-length\">Libre de BPA<\/span><\/li>\n<li class=\"product-prop line-limit-length\"><span class=\"property-title\">Nombre de la marca:\u00a0<\/span><span class=\"property-desc line-limit-length\">GIANXI<\/span><\/li>\n<li class=\"product-prop line-limit-length\"><span class=\"property-title\">Origen:\u00a0<\/span><span class=\"property-desc line-limit-length\">CN(Origen)<\/span><\/li>\n<li class=\"product-prop line-limit-length\"><span class=\"property-title\">Tipo de Vajilla:\u00a0<\/span><span class=\"property-desc line-limit-length\">Botellas de agua<\/span><\/li>\n<\/ul>\n<\/div>\n<div class=\"detailmodule_html\">\n<div class=\"detail-desc-decorate-richtext\">\n<p><strong id=\"tl_1\">El tipo A es rosa verde.<\/strong><\/p>\n<p><strong id=\"tl_2\">Nombre de la marca &#8211; GIANXI<\/strong><\/p>\n<p id=\"tl_3\">conf\u00eda en la calidad y confiabilidad de GIANXI, una marca confiable en elementos esenciales de fitness.<\/p>\n<p><strong id=\"tl_4\">Instrucciones de cuidado: lavar a mano \u00fanicamente<\/strong><\/p>\n<p id=\"tl_5\">Dise\u00f1ada para un f\u00e1cil mantenimiento, esta taza solo requiere lavado a mano para mantenerla limpia y lista para su pr\u00f3ximo uso.<\/p>\n<p><strong id=\"tl_6\">Reutilizabilidad &#8211; Reutilizable<\/strong><\/p>\n<p id=\"tl_7\">Una elecci\u00f3n sostenible, esta taza es reutilizable, lo que reduce el desperdicio y promueve h\u00e1bitos ecol\u00f3gicos.<\/p>\n<p><strong id=\"tl_8\">Origen &#8211; China continental<\/strong><\/p>\n<p id=\"tl_9\">Elaborado con precisi\u00f3n en China continental, lo que garantiza durabilidad y funcionalidad para su estilo de vida activo.<\/p>\n<p><strong id=\"tl_10\">Personas aplicables &#8211; Adultos<\/strong><\/p>\n<p id=\"tl_11\">Perfecta tanto para hombres como para mujeres, esta copa est\u00e1 dise\u00f1ada para entusiastas del fitness adulto.<\/p>\n<p><img decoding=\"async\" src=\"https:\/\/ae01.alicdn.com\/kf\/Sd1e366da0b2a45f68f32ec5e76992fd6d.jpg\" \/><img decoding=\"async\" src=\"https:\/\/ae01.alicdn.com\/kf\/S74af32a17faa4b39ab90087797f93c0fw.jpg\" \/><img decoding=\"async\" src=\"https:\/\/ae01.alicdn.com\/kf\/S3130928f7c7a48c0b544719225b3c64bi.jpg\" \/><img decoding=\"async\" src=\"https:\/\/ae01.alicdn.com\/kf\/S8ba87a1e2f044343af1ad3eda3124da2x.jpg\" \/><img decoding=\"async\" src=\"https:\/\/ae01.alicdn.com\/kf\/S8965577015304775ae800c699fc1ef83Z.jpg\" \/><img decoding=\"async\" src=\"https:\/\/ae01.alicdn.com\/kf\/Scb7fd40b0ed14823921a84b4af14416a4.jpg\" \/><img decoding=\"async\" src=\"https:\/\/ae01.alicdn.com\/kf\/Se019a43c51f3423088d428d5b9d5ddbbJ.jpg\" \/><img decoding=\"async\" src=\"https:\/\/ae01.alicdn.com\/kf\/S137fd2c339cb43d8bcbb3988f52612e8y.jpg\" \/><img decoding=\"async\" src=\"https:\/\/ae01.alicdn.com\/kf\/Sef4d8cf869884706b3998d68169fbe5d9.jpg\" \/><img decoding=\"async\" src=\"https:\/\/ae01.alicdn.com\/kf\/S7947238b4ef84ef9956c7f8f6d63b9fce.jpg\" \/><img decoding=\"async\" src=\"https:\/\/ae01.alicdn.com\/kf\/Sb4df13a9916549e298e432144f8b6d4eD.jpg\" \/><img decoding=\"async\" src=\"https:\/\/ae01.alicdn.com\/kf\/Sb4eb894832df45718e17aa811f944346H.jpg\" \/><img decoding=\"async\" src=\"https:\/\/ae01.alicdn.com\/kf\/Sa87f180e171b458faf7294bb8cb27004o.jpg\" \/><img decoding=\"async\" src=\"https:\/\/ae01.alicdn.com\/kf\/S4360a054c09a4e50a137d9c66c71acb3I.jpg\" \/><img decoding=\"async\" src=\"https:\/\/ae01.alicdn.com\/kf\/S53264d24d81d4afdbe25b69e19e0e49fH.jpg\" \/><img decoding=\"async\" src=\"https:\/\/ae01.alicdn.com\/kf\/S4cff48aa888e49639c43b7bb7ca55b1ef.jpg\" \/><img decoding=\"async\" src=\"https:\/\/ae01.alicdn.com\/kf\/S3c8aed092104425aa8d24c23f7990346P.jpg\" \/><img decoding=\"async\" src=\"https:\/\/ae01.alicdn.com\/kf\/S7f2cb7eef8134d4d99384883d3a1adcaE.jpg\" \/><img decoding=\"async\" src=\"https:\/\/ae01.alicdn.com\/kf\/S093f35be19ac4e808bccbbe2f31ec16ec.jpg\" \/><img decoding=\"async\" src=\"https:\/\/ae01.alicdn.com\/kf\/Sb09b4fbfbca24a6ea4ea914e4b12c38cP.jpg\" \/><img decoding=\"async\" src=\"https:\/\/ae01.alicdn.com\/kf\/S89cb6685feff4a77815e5b7e18a4e2ee8.jpg\" \/><img decoding=\"async\" src=\"https:\/\/ae01.alicdn.com\/kf\/S060da1a02c3849708ac7739613740fb4F.jpg\" \/><img decoding=\"async\" src=\"https:\/\/ae01.alicdn.com\/kf\/S0f8a6bb293c646da925b93438993b7cdY.jpg\" \/><img decoding=\"async\" src=\"https:\/\/ae01.alicdn.com\/kf\/S97ad98bb1af94331a751a6a8f904a167B.jpg\" \/><img decoding=\"async\" src=\"https:\/\/ae01.alicdn.com\/kf\/Sdec4f9ec2f99424b9ba107fa53b3ce756.jpg\" \/><\/p>\n<\/div>\n<\/div>","protected":false},"excerpt":{"rendered":"<p>Reutilizaci\u00f3n:\u00a0Reutilizable Producto qu\u00edmico de alta preocupaci\u00f3n:\u00a0Ninguno Instrucciones de cuidado:\u00a0Lavar a mano \u00fanicamente Personas Aplicables:\u00a0adulto Tipos de materiales no incluidos:\u00a0Libre de BPA Nombre de la marca:\u00a0GIANXI Origen:\u00a0CN(Origen) Tipo de Vajilla:\u00a0Botellas de agua El tipo A es rosa verde. Nombre de la marca &#8211; GIANXI conf\u00eda en la calidad y confiabilidad de GIANXI, una marca confiable en [&hellip;]<\/p>","protected":false},"featured_media":1000301,"comment_status":"open","ping_status":"closed","template":"","meta":[],"product_brand":[],"product_cat":[67],"product_tag":[],"class_list":{"0":"post-1000300","1":"product","2":"type-product","3":"status-publish","4":"has-post-thumbnail","6":"product_cat-botellas-y-licuadoras","8":"first","9":"instock","10":"shipping-taxable","11":"purchasable","12":"product-type-variable"},"_links":{"self":[{"href":"https:\/\/therealgympro.com\/us\/wp-json\/wp\/v2\/product\/1000300","targetHints":{"allow":["GET"]}}],"collection":[{"href":"https:\/\/therealgympro.com\/us\/wp-json\/wp\/v2\/product"}],"about":[{"href":"https:\/\/therealgympro.com\/us\/wp-json\/wp\/v2\/types\/product"}],"replies":[{"embeddable":true,"href":"https:\/\/therealgympro.com\/us\/wp-json\/wp\/v2\/comments?post=1000300"}],"wp:featuredmedia":[{"embeddable":true,"href":"https:\/\/therealgympro.com\/us\/wp-json\/wp\/v2\/media\/1000301"}],"wp:attachment":[{"href":"https:\/\/therealgympro.com\/us\/wp-json\/wp\/v2\/media?parent=1000300"}],"wp:term":[{"taxonomy":"product_brand","embeddable":true,"href":"https:\/\/therealgympro.com\/us\/wp-json\/wp\/v2\/product_brand?post=1000300"},{"taxonomy":"product_cat","embeddable":true,"href":"https:\/\/therealgympro.com\/us\/wp-json\/wp\/v2\/product_cat?post=1000300"},{"taxonomy":"product_tag","embeddable":true,"href":"https:\/\/therealgympro.com\/us\/wp-json\/wp\/v2\/product_tag?post=1000300"}],"curies":[{"name":"wp","href":"https:\/\/api.w.org\/{rel}","templated":true}]}}